{"id":6481,"date":"2023-07-20T09:58:34","date_gmt":"2023-07-20T07:58:34","guid":{"rendered":"https:\/\/trace.si\/podrska\/"},"modified":"2026-04-22T09:46:16","modified_gmt":"2026-04-22T07:46:16","slug":"podrska","status":"publish","type":"page","link":"https:\/\/trace.si\/sr\/podrska\/","title":{"rendered":"Podr\u0161ka"},"content":{"rendered":"\t\t<div data-elementor-type=\"wp-page\" data-elementor-id=\"6481\" class=\"elementor elementor-6481 elementor-2319\" data-elementor-post-type=\"page\">\n\t\t\t\t\t\t<section class=\"elementor-section elementor-top-section elementor-element elementor-element-4579b60 elementor-section-boxed elementor-section-height-default elementor-section-height-default sc_fly_static\" data-id=\"4579b60\" data-element_type=\"section\">\n\t\t\t\t\t\t<div class=\"elementor-container elementor-column-gap-extended\">\n\t\t\t\t\t<div class=\"elementor-column elementor-col-100 elementor-top-column elementor-element elementor-element-47593fc sc_content_align_inherit sc_layouts_column_icons_position_left sc_fly_static\" data-id=\"47593fc\" data-element_type=\"column\">\n\t\t\t<div class=\"elementor-widget-wrap elementor-element-populated\">\n\t\t\t\t\t\t<div class=\"elementor-element elementor-element-bed6ceb sc_fly_static elementor-widget elementor-widget-trx_sc_title\" data-id=\"bed6ceb\" data-element_type=\"widget\" data-widget_type=\"trx_sc_title.default\">\n\t\t\t\t<div class=\"elementor-widget-container\">\n\t\t\t\t\t<div\t\tclass=\"sc_title sc_title_default\" ><span class=\"sc_item_subtitle sc_title_subtitle sc_item_subtitle_above sc_item_title_style_default\">TRACE RE\u0160ENJA<\/span><h1 class=\"sc_item_title sc_title_title sc_item_title_style_default sc_item_title_tag trx_addons_inline_203158239\"\n\t\t\t><span class=\"sc_item_title_text\">Podr\u0161ka korisnicima<\/span><\/h1><\/div>\t\t\t\t<\/div>\n\t\t\t\t<\/div>\n\t\t\t\t\t<\/div>\n\t\t<\/div>\n\t\t\t\t\t<\/div>\n\t\t<\/section>\n\t\t\t\t<section class=\"elementor-section elementor-top-section elementor-element elementor-element-44c7f04 elementor-section-boxed elementor-section-height-default elementor-section-height-default sc_fly_static\" data-id=\"44c7f04\" data-element_type=\"section\">\n\t\t\t\t\t\t<div class=\"elementor-container elementor-column-gap-extended\">\n\t\t\t\t\t<div class=\"elementor-column elementor-col-66 elementor-top-column elementor-element elementor-element-1da3f1d sc_content_align_inherit sc_layouts_column_icons_position_left sc_fly_static\" data-id=\"1da3f1d\" data-element_type=\"column\">\n\t\t\t<div class=\"elementor-widget-wrap elementor-element-populated\">\n\t\t\t\t\t\t<div class=\"elementor-element elementor-element-025cc37 elementor-position-inline-start elementor-view-default elementor-mobile-position-block-start sc_fly_static elementor-widget elementor-widget-icon-box\" data-id=\"025cc37\" data-element_type=\"widget\" data-widget_type=\"icon-box.default\">\n\t\t\t\t<div class=\"elementor-widget-container\">\n\t\t\t\t\t\t\t<div class=\"elementor-icon-box-wrapper\">\n\n\t\t\t\t\t\t<div class=\"elementor-icon-box-icon\">\n\t\t\t\t<span  class=\"elementor-icon\">\n\t\t\t\t<i aria-hidden=\"true\" class=\"icon icon-support1\"><\/i>\t\t\t\t<\/span>\n\t\t\t<\/div>\n\t\t\t\n\t\t\t\t\t\t<div class=\"elementor-icon-box-content\">\n\n\t\t\t\t\t\t\t\t\t<h4 class=\"elementor-icon-box-title\">\n\t\t\t\t\t\t<span  >\n\t\t\t\t\t\t\tPrijava gre\u0161ke\t\t\t\t\t\t<\/span>\n\t\t\t\t\t<\/h4>\n\t\t\t\t\n\t\t\t\t\t\t\t\t\t<p class=\"elementor-icon-box-description\">\n\t\t\t\t\t\tKorisnici i partneri, za prijavu gre\u0161aka, koristite donja dva obrasca.\t\t\t\t\t<\/p>\n\t\t\t\t\n\t\t\t<\/div>\n\t\t\t\n\t\t<\/div>\n\t\t\t\t\t\t<\/div>\n\t\t\t\t<\/div>\n\t\t\t\t<div class=\"elementor-element elementor-element-b4b88bb sc_fly_static elementor-widget elementor-widget-elementskit-simple-tab\" data-id=\"b4b88bb\" data-element_type=\"widget\" data-widget_type=\"elementskit-simple-tab.default\">\n\t\t\t\t<div class=\"elementor-widget-container\">\n\t\t\t\t\t<div class=\"ekit-wid-con\" >        <div class=\"elementkit-tab-wraper   elementskit-fitcontent-tab \">\n            <ul class=\"nav nav-tabs elementkit-tab-nav  elementskit_heartbit_style elementskit_heartbit_style tab-nav-fluid\">\n                                    <li class=\"elementkit-nav-item elementor-repeater-item-04bf155\">\n                        <a class=\"elementkit-nav-link  active show left-pos\" id=\"content-04bf15569eeba4e23dda-tab\" data-ekit-handler-id=\"sistemska-podr-ka\" data-ekit-toggle=\"tab\" data-target=\"#content-04bf15569eeba4e23dda\" href=\"#Content-04bf15569eeba4e23dda\"\n                            data-ekit-toggle-trigger=\"click\"\n                            aria-describedby=\"Content-04bf15569eeba4e23dda\">\n                            <span class=\" elementskit-tab-icon\"><\/span>                            <span class=\"elementskit-tab-title\"> Sistemska podr\u0161ka<\/span>\n                        <\/a>\n                    <\/li>\n                                        <li class=\"elementkit-nav-item elementor-repeater-item-e47346a\">\n                        <a class=\"elementkit-nav-link  left-pos\" id=\"content-e47346a69eeba4e23dda-tab\" data-ekit-handler-id=\"programska-podr-ka\" data-ekit-toggle=\"tab\" data-target=\"#content-e47346a69eeba4e23dda\" href=\"#Content-e47346a69eeba4e23dda\"\n                            data-ekit-toggle-trigger=\"click\"\n                            aria-describedby=\"Content-e47346a69eeba4e23dda\">\n                            <span class=\" elementskit-tab-icon\"><\/span>                            <span class=\"elementskit-tab-title\"> Programska podr\u0161ka<\/span>\n                        <\/a>\n                    <\/li>\n                                <\/ul>\n\n            <div class=\"tab-content elementkit-tab-content\">\n                                    <div class=\"tab-pane elementkit-tab-pane elementor-repeater-item-04bf155  active show\" id=\"content-04bf15569eeba4e23dda\" role=\"tabpanel\"\n                         aria-labelledby=\"content-04bf15569eeba4e23dda-tab\">\n                        <div class=\"animated fadeIn\">\n                            <h4>Obrazac za prijavu sistemske gre\u0161ke<\/h4>\n\n<div class=\"wpcf7 no-js\" id=\"wpcf7-f2326-o2\" lang=\"sl-SI\" dir=\"ltr\" data-wpcf7-id=\"2326\">\n<div class=\"screen-reader-response\"><p role=\"status\" aria-live=\"polite\" aria-atomic=\"true\"><\/p> <ul><\/ul><\/div>\n<form action=\"\/wp-cron.php?doing_wp_cron=1777252935.1238019466400146484375#wpcf7-f2326-o2\" method=\"post\" class=\"wpcf7-form init\" aria-label=\"Kontaktni obrazec\" novalidate=\"novalidate\" data-status=\"init\">\n<fieldset class=\"hidden-fields-container\"><input type=\"hidden\" name=\"_wpcf7\" value=\"2326\" \/><input type=\"hidden\" name=\"_wpcf7_version\" value=\"6.1.5\" \/><input type=\"hidden\" name=\"_wpcf7_locale\" value=\"sl_SI\" \/><input type=\"hidden\" name=\"_wpcf7_unit_tag\" value=\"wpcf7-f2326-o2\" \/><input type=\"hidden\" name=\"_wpcf7_container_post\" value=\"0\" \/><input type=\"hidden\" name=\"_wpcf7_posted_data_hash\" value=\"\" \/>\n<\/fieldset>\n<p><label> Ime in priimek<br \/>\n<span class=\"wpcf7-form-control-wrap\" data-name=\"your-name\"><input size=\"40\" maxlength=\"400\" class=\"wpcf7-form-control wpcf7-text wpcf7-validates-as-required\" autocomplete=\"name\" aria-required=\"true\" aria-invalid=\"false\" value=\"\" type=\"text\" name=\"your-name\" \/><\/span> <\/label>\n<\/p>\n<p><label> Podjetje<br \/>\n<span class=\"wpcf7-form-control-wrap\" data-name=\"podjetje\"><input size=\"40\" maxlength=\"400\" class=\"wpcf7-form-control wpcf7-text wpcf7-validates-as-required\" aria-required=\"true\" aria-invalid=\"false\" value=\"\" type=\"text\" name=\"podjetje\" \/><\/span> <\/label>\n<\/p>\n<p><label> Va\u0161a e-po\u0161ta<br \/>\n<span class=\"wpcf7-form-control-wrap\" data-name=\"your-email\"><input size=\"40\" maxlength=\"400\" class=\"wpcf7-form-control wpcf7-email wpcf7-validates-as-required wpcf7-text wpcf7-validates-as-email\" autocomplete=\"email\" aria-required=\"true\" aria-invalid=\"false\" value=\"\" type=\"email\" name=\"your-email\" \/><\/span> <\/label>\n<\/p>\n<p><label> Zadeva<br \/>\n<span class=\"wpcf7-form-control-wrap\" data-name=\"your-subject\"><input size=\"40\" maxlength=\"400\" class=\"wpcf7-form-control wpcf7-text wpcf7-validates-as-required\" aria-required=\"true\" aria-invalid=\"false\" value=\"\" type=\"text\" name=\"your-subject\" \/><\/span> <\/label>\n<\/p>\n<p><label> Opis napake (obvezno)<br \/>\n<span class=\"wpcf7-form-control-wrap\" data-name=\"your-message\"><textarea cols=\"40\" rows=\"10\" maxlength=\"2000\" class=\"wpcf7-form-control wpcf7-textarea wpcf7-validates-as-required\" aria-required=\"true\" aria-invalid=\"false\" name=\"your-message\"><\/textarea><\/span> <\/label>\n<\/p>\n<p><input class=\"wpcf7-form-control wpcf7-submit has-spinner\" type=\"submit\" value=\"Po\u0161lji\" \/>\n<\/p><div class=\"wpcf7-response-output\" aria-hidden=\"true\"><\/div>\n<\/form>\n<\/div>\n\n                        <\/div>\n                    <\/div>\n                                    <div class=\"tab-pane elementkit-tab-pane elementor-repeater-item-e47346a \" id=\"content-e47346a69eeba4e23dda\" role=\"tabpanel\"\n                         aria-labelledby=\"content-e47346a69eeba4e23dda-tab\">\n                        <div class=\"animated fadeIn\">\n                            <h4>Obrazac za prijavu gre\u0161ke u softveru Trace<\/h4>\n\n<div class=\"wpcf7 no-js\" id=\"wpcf7-f2327-o3\" lang=\"sl-SI\" dir=\"ltr\" data-wpcf7-id=\"2327\">\n<div class=\"screen-reader-response\"><p role=\"status\" aria-live=\"polite\" aria-atomic=\"true\"><\/p> <ul><\/ul><\/div>\n<form action=\"\/wp-cron.php?doing_wp_cron=1777252935.1238019466400146484375#wpcf7-f2327-o3\" method=\"post\" class=\"wpcf7-form init\" aria-label=\"Kontaktni obrazec\" novalidate=\"novalidate\" data-status=\"init\">\n<fieldset class=\"hidden-fields-container\"><input type=\"hidden\" name=\"_wpcf7\" value=\"2327\" \/><input type=\"hidden\" name=\"_wpcf7_version\" value=\"6.1.5\" \/><input type=\"hidden\" name=\"_wpcf7_locale\" value=\"sl_SI\" \/><input type=\"hidden\" name=\"_wpcf7_unit_tag\" value=\"wpcf7-f2327-o3\" \/><input type=\"hidden\" name=\"_wpcf7_container_post\" value=\"0\" \/><input type=\"hidden\" name=\"_wpcf7_posted_data_hash\" value=\"\" \/>\n<\/fieldset>\n<p><label> Ime in priimek<br \/>\n<span class=\"wpcf7-form-control-wrap\" data-name=\"your-name\"><input size=\"40\" maxlength=\"400\" class=\"wpcf7-form-control wpcf7-text wpcf7-validates-as-required\" autocomplete=\"name\" aria-required=\"true\" aria-invalid=\"false\" value=\"\" type=\"text\" name=\"your-name\" \/><\/span> <\/label>\n<\/p>\n<p><label> Podjetje<br \/>\n<span class=\"wpcf7-form-control-wrap\" data-name=\"podjetje\"><input size=\"40\" maxlength=\"400\" class=\"wpcf7-form-control wpcf7-text wpcf7-validates-as-required\" aria-required=\"true\" aria-invalid=\"false\" value=\"\" type=\"text\" name=\"podjetje\" \/><\/span> <\/label>\n<\/p>\n<p><label> Va\u0161a e-po\u0161ta<br \/>\n<span class=\"wpcf7-form-control-wrap\" data-name=\"your-email\"><input size=\"40\" maxlength=\"400\" class=\"wpcf7-form-control wpcf7-email wpcf7-validates-as-required wpcf7-text wpcf7-validates-as-email\" autocomplete=\"email\" aria-required=\"true\" aria-invalid=\"false\" value=\"\" type=\"email\" name=\"your-email\" \/><\/span> <\/label>\n<\/p>\n<p><label> Zadeva<br \/>\n<span class=\"wpcf7-form-control-wrap\" data-name=\"your-subject\"><input size=\"40\" maxlength=\"400\" class=\"wpcf7-form-control wpcf7-text wpcf7-validates-as-required\" aria-required=\"true\" aria-invalid=\"false\" value=\"\" type=\"text\" name=\"your-subject\" \/><\/span> <\/label>\n<\/p>\n<p><label> Opis napake (obvezno)<br \/>\n<span class=\"wpcf7-form-control-wrap\" data-name=\"your-message\"><textarea cols=\"40\" rows=\"10\" maxlength=\"2000\" class=\"wpcf7-form-control wpcf7-textarea wpcf7-validates-as-required\" aria-required=\"true\" aria-invalid=\"false\" name=\"your-message\"><\/textarea><\/span> <\/label>\n<\/p>\n<p><input class=\"wpcf7-form-control wpcf7-submit has-spinner\" type=\"submit\" value=\"Po\u0161lji\" \/>\n<\/p><div class=\"wpcf7-response-output\" aria-hidden=\"true\"><\/div>\n<\/form>\n<\/div>\n\n                        <\/div>\n                    <\/div>\n                                \n            <\/div>\n                    <\/div>\n    <\/div>\t\t\t\t<\/div>\n\t\t\t\t<\/div>\n\t\t\t\t\t<\/div>\n\t\t<\/div>\n\t\t\t\t<div class=\"elementor-column elementor-col-33 elementor-top-column elementor-element elementor-element-7e4dc2f sc_content_align_inherit sc_layouts_column_icons_position_left sc_fly_static\" data-id=\"7e4dc2f\" data-element_type=\"column\">\n\t\t\t<div class=\"elementor-widget-wrap elementor-element-populated\">\n\t\t\t\t\t\t<div class=\"elementor-element elementor-element-c6178a6 sc_fly_static elementor-widget elementor-widget-heading\" data-id=\"c6178a6\" data-element_type=\"widget\" data-widget_type=\"heading.default\">\n\t\t\t\t<div class=\"elementor-widget-container\">\n\t\t\t\t\t<h4 class=\"elementor-heading-title elementor-size-default\"><a href=\"https:\/\/trace.si\/sr\/industrije\/\">Udaljena pomo\u0107 korisnicima za sistemske probleme<\/a><\/h4>\t\t\t\t<\/div>\n\t\t\t\t<\/div>\n\t\t\t\t<div class=\"elementor-element elementor-element-42673b0 sc_fly_static elementor-widget elementor-widget-text-editor\" data-id=\"42673b0\" data-element_type=\"widget\" data-widget_type=\"text-editor.default\">\n\t\t\t\t<div class=\"elementor-widget-container\">\n\t\t\t\t\t\t\t\t\t<p>U slu\u010daju problema pozovite 386 (0)2 741 17 60 ili po\u0161aljite e-poruku na support@traceis.com<\/p>\t\t\t\t\t\t\t\t<\/div>\n\t\t\t\t<\/div>\n\t\t\t\t<div class=\"elementor-element elementor-element-f57bc42 elementor-icon-list--layout-traditional elementor-list-item-link-full_width sc_fly_static elementor-widget elementor-widget-icon-list\" data-id=\"f57bc42\" data-element_type=\"widget\" data-widget_type=\"icon-list.default\">\n\t\t\t\t<div class=\"elementor-widget-container\">\n\t\t\t\t\t\t\t<ul class=\"elementor-icon-list-items\">\n\t\t\t\t\t\t\t<li class=\"elementor-icon-list-item\">\n\t\t\t\t\t\t\t\t\t\t\t<a href=\"https:\/\/get.teamviewer.com\/ariesitquick\">\n\n\t\t\t\t\t\t\t\t\t\t\t\t<span class=\"elementor-icon-list-icon\">\n\t\t\t\t\t\t\t<svg xmlns=\"http:\/\/www.w3.org\/2000\/svg\" viewBox=\"0 0 48 48\" width=\"48px\" height=\"48px\"><linearGradient id=\"EqBzGZ~Jc3YG8Pc4FcRNRa\" x1=\"24\" x2=\"24\" y1=\"565.541\" y2=\"525.009\" gradientTransform=\"matrix(1 0 0 -1 0 572)\" gradientUnits=\"userSpaceOnUse\"><stop offset=\"0\" stop-color=\"#2aa4f4\"><\/stop><stop offset=\"1\" stop-color=\"#007ad9\"><\/stop><\/linearGradient><path fill=\"url(#EqBzGZ~Jc3YG8Pc4FcRNRa)\" d=\"M35,42H13c-3.866,0-7-3.134-7-7V13c0-3.866,3.134-7,7-7h22c3.866,0,7,3.134,7,7v22 C42,38.866,38.866,42,35,42z\"><\/path><radialGradient id=\"EqBzGZ~Jc3YG8Pc4FcRNRb\" cx=\"24\" cy=\"548\" r=\"16\" gradientTransform=\"matrix(1 0 0 -1 0 572)\" gradientUnits=\"userSpaceOnUse\"><stop offset=\".671\"><\/stop><stop offset=\"1\" stop-opacity=\"0\"><\/stop><\/radialGradient><circle cx=\"24\" cy=\"24\" r=\"16\" fill=\"url(#EqBzGZ~Jc3YG8Pc4FcRNRb)\" opacity=\".15\"><\/circle><circle cx=\"24\" cy=\"24\" r=\"14\" fill=\"#fff\"><\/circle><linearGradient id=\"EqBzGZ~Jc3YG8Pc4FcRNRc\" x1=\"37\" x2=\"11\" y1=\"24\" y2=\"24\" gradientUnits=\"userSpaceOnUse\"><stop offset=\"0\" stop-color=\"#2aa4f4\"><\/stop><stop offset=\"1\" stop-color=\"#007ad9\"><\/stop><\/linearGradient><polygon fill=\"url(#EqBzGZ~Jc3YG8Pc4FcRNRc)\" points=\"37,24 28,19 29,22 19,22 20,19 11,24 20,29 19,26 29,26 28,29\"><\/polygon><\/svg>\t\t\t\t\t\t<\/span>\n\t\t\t\t\t\t\t\t\t\t<span class=\"elementor-icon-list-text\">Udaljena pomo\u0107<\/span>\n\t\t\t\t\t\t\t\t\t\t\t<\/a>\n\t\t\t\t\t\t\t\t\t<\/li>\n\t\t\t\t\t\t\t\t<li class=\"elementor-icon-list-item\">\n\t\t\t\t\t\t\t\t\t\t\t<a href=\"https:\/\/get.teamviewer.com\/ariesithost\">\n\n\t\t\t\t\t\t\t\t\t\t\t\t<span class=\"elementor-icon-list-icon\">\n\t\t\t\t\t\t\t<svg xmlns=\"http:\/\/www.w3.org\/2000\/svg\" viewBox=\"0 0 48 48\" width=\"48px\" height=\"48px\"><linearGradient id=\"EqBzGZ~Jc3YG8Pc4FcRNRa\" x1=\"24\" x2=\"24\" y1=\"565.541\" y2=\"525.009\" gradientTransform=\"matrix(1 0 0 -1 0 572)\" gradientUnits=\"userSpaceOnUse\"><stop offset=\"0\" stop-color=\"#2aa4f4\"><\/stop><stop offset=\"1\" stop-color=\"#007ad9\"><\/stop><\/linearGradient><path fill=\"url(#EqBzGZ~Jc3YG8Pc4FcRNRa)\" d=\"M35,42H13c-3.866,0-7-3.134-7-7V13c0-3.866,3.134-7,7-7h22c3.866,0,7,3.134,7,7v22 C42,38.866,38.866,42,35,42z\"><\/path><radialGradient id=\"EqBzGZ~Jc3YG8Pc4FcRNRb\" cx=\"24\" cy=\"548\" r=\"16\" gradientTransform=\"matrix(1 0 0 -1 0 572)\" gradientUnits=\"userSpaceOnUse\"><stop offset=\".671\"><\/stop><stop offset=\"1\" stop-opacity=\"0\"><\/stop><\/radialGradient><circle cx=\"24\" cy=\"24\" r=\"16\" fill=\"url(#EqBzGZ~Jc3YG8Pc4FcRNRb)\" opacity=\".15\"><\/circle><circle cx=\"24\" cy=\"24\" r=\"14\" fill=\"#fff\"><\/circle><linearGradient id=\"EqBzGZ~Jc3YG8Pc4FcRNRc\" x1=\"37\" x2=\"11\" y1=\"24\" y2=\"24\" gradientUnits=\"userSpaceOnUse\"><stop offset=\"0\" stop-color=\"#2aa4f4\"><\/stop><stop offset=\"1\" stop-color=\"#007ad9\"><\/stop><\/linearGradient><polygon fill=\"url(#EqBzGZ~Jc3YG8Pc4FcRNRc)\" points=\"37,24 28,19 29,22 19,22 20,19 11,24 20,29 19,26 29,26 28,29\"><\/polygon><\/svg>\t\t\t\t\t\t<\/span>\n\t\t\t\t\t\t\t\t\t\t<span class=\"elementor-icon-list-text\">Udaljena pomo\u0107 Host<\/span>\n\t\t\t\t\t\t\t\t\t\t\t<\/a>\n\t\t\t\t\t\t\t\t\t<\/li>\n\t\t\t\t\t\t<\/ul>\n\t\t\t\t\t\t<\/div>\n\t\t\t\t<\/div>\n\t\t\t\t<div class=\"elementor-element elementor-element-f3171a3 elementor-widget-divider--view-line sc_fly_static elementor-widget elementor-widget-divider\" data-id=\"f3171a3\" data-element_type=\"widget\" data-widget_type=\"divider.default\">\n\t\t\t\t<div class=\"elementor-widget-container\">\n\t\t\t\t\t\t\t<div class=\"elementor-divider\">\n\t\t\t<span class=\"elementor-divider-separator\">\n\t\t\t\t\t\t<\/span>\n\t\t<\/div>\n\t\t\t\t\t\t<\/div>\n\t\t\t\t<\/div>\n\t\t\t\t<div class=\"elementor-element elementor-element-febf689 sc_fly_static elementor-widget elementor-widget-heading\" data-id=\"febf689\" data-element_type=\"widget\" data-widget_type=\"heading.default\">\n\t\t\t\t<div class=\"elementor-widget-container\">\n\t\t\t\t\t<h4 class=\"elementor-heading-title elementor-size-default\"><a href=\"https:\/\/trace.si\/sr\/industrije\/\">Udaljena pomo\u0107 za softver Trace<\/a><\/h4>\t\t\t\t<\/div>\n\t\t\t\t<\/div>\n\t\t\t\t<div class=\"elementor-element elementor-element-2f395eb sc_fly_static elementor-widget elementor-widget-text-editor\" data-id=\"2f395eb\" data-element_type=\"widget\" data-widget_type=\"text-editor.default\">\n\t\t\t\t<div class=\"elementor-widget-container\">\n\t\t\t\t\t\t\t\t\t<p>U slu\u010daju problema pozovite 386 (0)2 741 17 61<br>ali e-po\u0161tno sporo\u010dilo na ili po\u0161aljite e-poruku na servicedesk@tracebs.com<\/p>\t\t\t\t\t\t\t\t<\/div>\n\t\t\t\t<\/div>\n\t\t\t\t<div class=\"elementor-element elementor-element-c7d0dd0 elementor-icon-list--layout-traditional elementor-list-item-link-full_width sc_fly_static elementor-widget elementor-widget-icon-list\" data-id=\"c7d0dd0\" data-element_type=\"widget\" data-widget_type=\"icon-list.default\">\n\t\t\t\t<div class=\"elementor-widget-container\">\n\t\t\t\t\t\t\t<ul class=\"elementor-icon-list-items\">\n\t\t\t\t\t\t\t<li class=\"elementor-icon-list-item\">\n\t\t\t\t\t\t\t\t\t\t\t<a href=\"https:\/\/my.anydesk.com\/v2\/api\/v2\/custom-clients\/downloads\/public\/CZZVN5DAUR2K\/TraceSolutionsRemoteSupportClient.exe\" target=\"_blank\">\n\n\t\t\t\t\t\t\t\t\t\t\t\t<span class=\"elementor-icon-list-icon\">\n\t\t\t\t\t\t\t<i aria-hidden=\"true\" class=\"fab fa-windows\"><\/i>\t\t\t\t\t\t<\/span>\n\t\t\t\t\t\t\t\t\t\t<span class=\"elementor-icon-list-text\">Windows klient<\/span>\n\t\t\t\t\t\t\t\t\t\t\t<\/a>\n\t\t\t\t\t\t\t\t\t<\/li>\n\t\t\t\t\t\t\t\t<li class=\"elementor-icon-list-item\">\n\t\t\t\t\t\t\t\t\t\t\t<a href=\"https:\/\/my.anydesk.com\/v2\/api\/v2\/custom-clients\/downloads\/public\/QGKXQE4MSMVI\/TraceSolutionsRemoteSupportClient.apk\" target=\"_blank\">\n\n\t\t\t\t\t\t\t\t\t\t\t\t<span class=\"elementor-icon-list-icon\">\n\t\t\t\t\t\t\t<i aria-hidden=\"true\" class=\"fab fa-android\"><\/i>\t\t\t\t\t\t<\/span>\n\t\t\t\t\t\t\t\t\t\t<span class=\"elementor-icon-list-text\">Android klient<\/span>\n\t\t\t\t\t\t\t\t\t\t\t<\/a>\n\t\t\t\t\t\t\t\t\t<\/li>\n\t\t\t\t\t\t\t\t<li class=\"elementor-icon-list-item\">\n\t\t\t\t\t\t\t\t\t\t\t<a href=\"https:\/\/my.anydesk.com\/v2\/api\/v2\/custom-clients\/downloads\/public\/9SRNPU9PXGMX\/TraceSolutionsRemoteSupportClient.dmg\" target=\"_blank\">\n\n\t\t\t\t\t\t\t\t\t\t\t\t<span class=\"elementor-icon-list-icon\">\n\t\t\t\t\t\t\t<i aria-hidden=\"true\" class=\"fab fa-apple\"><\/i>\t\t\t\t\t\t<\/span>\n\t\t\t\t\t\t\t\t\t\t<span class=\"elementor-icon-list-text\">Mac OS klient<\/span>\n\t\t\t\t\t\t\t\t\t\t\t<\/a>\n\t\t\t\t\t\t\t\t\t<\/li>\n\t\t\t\t\t\t\t\t<li class=\"elementor-icon-list-item\">\n\t\t\t\t\t\t\t\t\t\t\t<a href=\"https:\/\/my.anydesk.com\/v2\/api\/v2\/custom-clients\/downloads\/public\/YFPNRBBHKLVG\/TraceSolutionsRemoteSupportClient.tar.gz\" target=\"_blank\">\n\n\t\t\t\t\t\t\t\t\t\t\t\t<span class=\"elementor-icon-list-icon\">\n\t\t\t\t\t\t\t<i aria-hidden=\"true\" class=\"fab fa-linux\"><\/i>\t\t\t\t\t\t<\/span>\n\t\t\t\t\t\t\t\t\t\t<span class=\"elementor-icon-list-text\">Linux klient<\/span>\n\t\t\t\t\t\t\t\t\t\t\t<\/a>\n\t\t\t\t\t\t\t\t\t<\/li>\n\t\t\t\t\t\t<\/ul>\n\t\t\t\t\t\t<\/div>\n\t\t\t\t<\/div>\n\t\t\t\t\t<\/div>\n\t\t<\/div>\n\t\t\t\t\t<\/div>\n\t\t<\/section>\n\t\t\t\t<\/div>\n\t\t","protected":false},"excerpt":{"rendered":"<p>TRACE RE\u0160ENJA Podr\u0161ka korisnicima Prijava gre\u0161ke Korisnici i partneri, za prijavu gre\u0161aka, koristite donja dva obrasca. Sistemska podr\u0161ka Programska podr\u0161ka Obrazac za prijavu sistemske gre\u0161ke Ime in priimek Podjetje Va\u0161a&hellip;<\/p>\n","protected":false},"author":1,"featured_media":5374,"parent":0,"menu_order":0,"comment_status":"closed","ping_status":"closed","template":"","meta":{"_monsterinsights_skip_tracking":false,"_monsterinsights_sitenote_active":false,"_monsterinsights_sitenote_note":"","_monsterinsights_sitenote_category":0,"footnotes":""},"class_list":["post-6481","page","type-page","status-publish","has-post-thumbnail","hentry"],"aioseo_notices":[],"_links":{"self":[{"href":"https:\/\/trace.si\/sr\/wp-json\/wp\/v2\/pages\/6481","targetHints":{"allow":["GET"]}}],"collection":[{"href":"https:\/\/trace.si\/sr\/wp-json\/wp\/v2\/pages"}],"about":[{"href":"https:\/\/trace.si\/sr\/wp-json\/wp\/v2\/types\/page"}],"author":[{"embeddable":true,"href":"https:\/\/trace.si\/sr\/wp-json\/wp\/v2\/users\/1"}],"replies":[{"embeddable":true,"href":"https:\/\/trace.si\/sr\/wp-json\/wp\/v2\/comments?post=6481"}],"version-history":[{"count":4,"href":"https:\/\/trace.si\/sr\/wp-json\/wp\/v2\/pages\/6481\/revisions"}],"predecessor-version":[{"id":6504,"href":"https:\/\/trace.si\/sr\/wp-json\/wp\/v2\/pages\/6481\/revisions\/6504"}],"wp:featuredmedia":[{"embeddable":true,"href":"https:\/\/trace.si\/sr\/wp-json\/wp\/v2\/media\/5374"}],"wp:attachment":[{"href":"https:\/\/trace.si\/sr\/wp-json\/wp\/v2\/media?parent=6481"}],"curies":[{"name":"wp","href":"https:\/\/api.w.org\/{rel}","templated":true}]}}