{"id":5378,"date":"2023-06-15T11:34:42","date_gmt":"2023-06-15T09:34:42","guid":{"rendered":"https:\/\/trace.si\/usluge\/"},"modified":"2026-03-23T12:13:48","modified_gmt":"2026-03-23T11:13:48","slug":"usluge","status":"publish","type":"page","link":"https:\/\/trace.si\/sr\/usluge\/","title":{"rendered":"Usluge"},"content":{"rendered":"\t\t<div data-elementor-type=\"wp-page\" data-elementor-id=\"5378\" class=\"elementor elementor-5378 elementor-1208\" data-elementor-post-type=\"page\">\n\t\t\t\t\t\t<section class=\"elementor-section elementor-top-section elementor-element elementor-element-4579b60 elementor-section-boxed elementor-section-height-default elementor-section-height-default sc_fly_static\" data-id=\"4579b60\" data-element_type=\"section\">\n\t\t\t\t\t\t<div class=\"elementor-container elementor-column-gap-extended\">\n\t\t\t\t\t<div class=\"elementor-column elementor-col-100 elementor-top-column elementor-element elementor-element-47593fc sc_content_align_inherit sc_layouts_column_icons_position_left sc_fly_static\" data-id=\"47593fc\" data-element_type=\"column\">\n\t\t\t<div class=\"elementor-widget-wrap elementor-element-populated\">\n\t\t\t\t\t\t<div class=\"elementor-element elementor-element-e7073e6 sc_fly_static elementor-widget elementor-widget-trx_sc_title\" data-id=\"e7073e6\" data-element_type=\"widget\" data-widget_type=\"trx_sc_title.default\">\n\t\t\t\t<div class=\"elementor-widget-container\">\n\t\t\t\t\t<div\t\tclass=\"sc_title sc_title_default\" ><span class=\"sc_item_subtitle sc_title_subtitle sc_item_subtitle_above sc_item_title_style_default\">Trace<\/span><h1 class=\"sc_item_title sc_title_title sc_item_title_style_default sc_item_title_tag trx_addons_inline_118567631\"\n\t\t\t><span class=\"sc_item_title_text\">Usluge<\/span><\/h1><\/div>\t\t\t\t<\/div>\n\t\t\t\t<\/div>\n\t\t\t\t<div class=\"elementor-element elementor-element-ebf1210 sc_fly_static elementor-widget elementor-widget-trx_sc_services\" data-id=\"ebf1210\" data-element_type=\"widget\" data-widget_type=\"trx_sc_services.default\">\n\t\t\t\t<div class=\"elementor-widget-container\">\n\t\t\t\t\t<div class=\"sc_services sc_services_accent sc_services_featured_top\"><div class=\"sc_services_columns_wrap sc_item_columns sc_item_posts_container sc_item_columns_2 trx_addons_columns_wrap columns_padding_bottom\"><div class=\"trx_addons_column-1_2\"><div data-post-id=\"5390\" class=\"sc_services_item sc_item_container post_container with_content with_icon sc_services_item_featured_top post-5390 cpt_services type-cpt_services status-publish has-post-thumbnail hentry cpt_services_group-usluge\" data-item-number=\"1\"\n>\n\t<a href=\"https:\/\/trace.si\/sr\/storitve\/iznajmljivanje-it-infrastrukture-u-oblaku\/\" id=\"sc_services_755878372_icon-cloud-light_1\"\n\t\t\t\t class=\"sc_services_item_icon sc_icon_type_icons icon-cloud-light\"><\/a>\t\n\t<div class=\"sc_services_item_info\">\n\t\t\t\t<div class=\"sc_services_item_header\">\n\t\t\t\t\t\t<h4 class=\"sc_services_item_title entry-title\"><a href=\"https:\/\/trace.si\/sr\/storitve\/iznajmljivanje-it-infrastrukture-u-oblaku\/\">Iznajmljivanje IT infrastrukture u oblaku<\/a><\/h4>\n            \t\t<\/div>\n\t\t                    <div class=\"sc_services_item_content\"><p>Digitalne sadr\u017eaje \u0107ete negde pokretati. Za kompletnu infrastrukturu mo\u017eemo da se pobrinemo mi. <\/p>\n<\/div><div class=\"sc_services_item_button sc_item_button\">\n            <a href=\"https:\/\/trace.si\/sr\/storitve\/iznajmljivanje-it-infrastrukture-u-oblaku\/\" class=\"sc_services_item_more_link\">\n                <span class=\"link_text\">Read more<\/span><span class=\"link_icon\"><\/span>\n            <\/a>\n            <\/div><\/div><a class=\"sc_services_item_link\" href=\"https:\/\/trace.si\/sr\/storitve\/iznajmljivanje-it-infrastrukture-u-oblaku\/\"><\/a><\/div>\n<\/div><div class=\"trx_addons_column-1_2\"><div data-post-id=\"5394\" class=\"sc_services_item sc_item_container post_container with_content with_icon sc_services_item_featured_top post-5394 cpt_services type-cpt_services status-publish has-post-thumbnail hentry cpt_services_group-usluge\" data-item-number=\"2\"\n>\n\t<a href=\"https:\/\/trace.si\/sr\/storitve\/odrzavanje-it-infrastrukture\/\" id=\"sc_services_654455162_icon-cog-light_2\"\n\t\t\t\t class=\"sc_services_item_icon sc_icon_type_icons icon-cog-light\"><\/a>\t\n\t<div class=\"sc_services_item_info\">\n\t\t\t\t<div class=\"sc_services_item_header\">\n\t\t\t\t\t\t<h4 class=\"sc_services_item_title entry-title\"><a href=\"https:\/\/trace.si\/sr\/storitve\/odrzavanje-it-infrastrukture\/\">Odr\u017eavanje IT infrastrukture<\/a><\/h4>\n            \t\t<\/div>\n\t\t                    <div class=\"sc_services_item_content\"><p>Pobrinimo se ,da va\u0161e poslovanje te\u010de besprekorno i glatko, bez da morate da se bavite problemima u IT infrastrukturi<\/p>\n<\/div><div class=\"sc_services_item_button sc_item_button\">\n            <a href=\"https:\/\/trace.si\/sr\/storitve\/odrzavanje-it-infrastrukture\/\" class=\"sc_services_item_more_link\">\n                <span class=\"link_text\">Read more<\/span><span class=\"link_icon\"><\/span>\n            <\/a>\n            <\/div><\/div><a class=\"sc_services_item_link\" href=\"https:\/\/trace.si\/sr\/storitve\/odrzavanje-it-infrastrukture\/\"><\/a><\/div>\n<\/div><div class=\"trx_addons_column-1_2\"><div data-post-id=\"5398\" class=\"sc_services_item sc_item_container post_container with_content with_icon sc_services_item_featured_top post-5398 cpt_services type-cpt_services status-publish has-post-thumbnail hentry cpt_services_group-usluge\" data-item-number=\"3\"\n>\n\t<a href=\"https:\/\/trace.si\/sr\/storitve\/planiranje-i-implementacija-it-infrastrukture\/\" id=\"sc_services_1502883111_icon-molecular_3\"\n\t\t\t\t class=\"sc_services_item_icon sc_icon_type_icons icon-molecular\"><\/a>\t\n\t<div class=\"sc_services_item_info\">\n\t\t\t\t<div class=\"sc_services_item_header\">\n\t\t\t\t\t\t<h4 class=\"sc_services_item_title entry-title\"><a href=\"https:\/\/trace.si\/sr\/storitve\/planiranje-i-implementacija-it-infrastrukture\/\">Planiranje i implementacija IT infrastrukture<\/a><\/h4>\n            \t\t<\/div>\n\t\t                    <div class=\"sc_services_item_content\"><p>Poma\u017eemo vam u uspostavljanju modernih i pouzdanih IT okru\u017eenja.<\/p>\n<\/div><div class=\"sc_services_item_button sc_item_button\">\n            <a href=\"https:\/\/trace.si\/sr\/storitve\/planiranje-i-implementacija-it-infrastrukture\/\" class=\"sc_services_item_more_link\">\n                <span class=\"link_text\">Read more<\/span><span class=\"link_icon\"><\/span>\n            <\/a>\n            <\/div><\/div><a class=\"sc_services_item_link\" href=\"https:\/\/trace.si\/sr\/storitve\/planiranje-i-implementacija-it-infrastrukture\/\"><\/a><\/div>\n<\/div><div class=\"trx_addons_column-1_2\"><div data-post-id=\"5402\" class=\"sc_services_item sc_item_container post_container with_content with_icon sc_services_item_featured_top post-5402 cpt_services type-cpt_services status-publish has-post-thumbnail hentry cpt_services_group-usluge\" data-item-number=\"4\"\n>\n\t<a href=\"https:\/\/trace.si\/sr\/storitve\/servisiranje-racunarske-opreme\/\" id=\"sc_services_439699218_icon-connectdevelop_4\"\n\t\t\t\t class=\"sc_services_item_icon sc_icon_type_icons icon-connectdevelop\"><\/a>\t\n\t<div class=\"sc_services_item_info\">\n\t\t\t\t<div class=\"sc_services_item_header\">\n\t\t\t\t\t\t<h4 class=\"sc_services_item_title entry-title\"><a href=\"https:\/\/trace.si\/sr\/storitve\/servisiranje-racunarske-opreme\/\">Servisiranje ra\u010dunarske opreme<\/a><\/h4>\n            \t\t<\/div>\n\t\t                    <div class=\"sc_services_item_content\"><p>Pru\u017eamo punu podr\u0161ku tokom celog \u017eivotnog ciklusa hardvera razli\u010ditih proizvo\u0111a\u010da.<\/p>\n<\/div><div class=\"sc_services_item_button sc_item_button\">\n            <a href=\"https:\/\/trace.si\/sr\/storitve\/servisiranje-racunarske-opreme\/\" class=\"sc_services_item_more_link\">\n                <span class=\"link_text\">Read more<\/span><span class=\"link_icon\"><\/span>\n            <\/a>\n            <\/div><\/div><a class=\"sc_services_item_link\" href=\"https:\/\/trace.si\/sr\/storitve\/servisiranje-racunarske-opreme\/\"><\/a><\/div>\n<\/div><\/div><\/div>\t\t\t\t<\/div>\n\t\t\t\t<\/div>\n\t\t\t\t\t<\/div>\n\t\t<\/div>\n\t\t\t\t\t<\/div>\n\t\t<\/section>\n\t\t\t\t<\/div>\n\t\t","protected":false},"excerpt":{"rendered":"<p>Trace Usluge Najem IT infrastrukture v oblaku Digitalne vsebine boste nekje poganjali. Za celotno infrastrukturo lahko poskrbimo mi. Read more Na\u010drtovanje in implementacija IT infrastrukture Pomagamo vam pri vzpostavitvi sodobnih&hellip;<\/p>\n","protected":false},"author":1,"featured_media":5374,"parent":0,"menu_order":0,"comment_status":"closed","ping_status":"closed","template":"","meta":{"_monsterinsights_skip_tracking":false,"_monsterinsights_sitenote_active":false,"_monsterinsights_sitenote_note":"","_monsterinsights_sitenote_category":0,"footnotes":""},"class_list":["post-5378","page","type-page","status-publish","has-post-thumbnail","hentry"],"aioseo_notices":[],"_links":{"self":[{"href":"https:\/\/trace.si\/sr\/wp-json\/wp\/v2\/pages\/5378","targetHints":{"allow":["GET"]}}],"collection":[{"href":"https:\/\/trace.si\/sr\/wp-json\/wp\/v2\/pages"}],"about":[{"href":"https:\/\/trace.si\/sr\/wp-json\/wp\/v2\/types\/page"}],"author":[{"embeddable":true,"href":"https:\/\/trace.si\/sr\/wp-json\/wp\/v2\/users\/1"}],"replies":[{"embeddable":true,"href":"https:\/\/trace.si\/sr\/wp-json\/wp\/v2\/comments?post=5378"}],"version-history":[{"count":1,"href":"https:\/\/trace.si\/sr\/wp-json\/wp\/v2\/pages\/5378\/revisions"}],"predecessor-version":[{"id":5379,"href":"https:\/\/trace.si\/sr\/wp-json\/wp\/v2\/pages\/5378\/revisions\/5379"}],"wp:featuredmedia":[{"embeddable":true,"href":"https:\/\/trace.si\/sr\/wp-json\/wp\/v2\/media\/5374"}],"wp:attachment":[{"href":"https:\/\/trace.si\/sr\/wp-json\/wp\/v2\/media?parent=5378"}],"curies":[{"name":"wp","href":"https:\/\/api.w.org\/{rel}","templated":true}]}}