{"id":1383,"date":"2023-06-15T10:03:18","date_gmt":"2023-06-15T08:03:18","guid":{"rendered":"https:\/\/new.trace.si\/solutions\/"},"modified":"2024-11-03T21:42:37","modified_gmt":"2024-11-03T20:42:37","slug":"solutions","status":"publish","type":"page","link":"https:\/\/trace.si\/en\/solutions\/","title":{"rendered":"Solutions"},"content":{"rendered":"\t\t<div data-elementor-type=\"wp-page\" data-elementor-id=\"1383\" class=\"elementor elementor-1383 elementor-1186\" data-elementor-post-type=\"page\">\n\t\t\t\t\t\t<section class=\"elementor-section elementor-top-section elementor-element elementor-element-4579b60 elementor-section-boxed elementor-section-height-default elementor-section-height-default sc_fly_static\" data-id=\"4579b60\" data-element_type=\"section\">\n\t\t\t\t\t\t<div class=\"elementor-container elementor-column-gap-extended\">\n\t\t\t\t\t<div class=\"elementor-column elementor-col-100 elementor-top-column elementor-element elementor-element-47593fc sc_content_align_inherit sc_layouts_column_icons_position_left sc_fly_static\" data-id=\"47593fc\" data-element_type=\"column\">\n\t\t\t<div class=\"elementor-widget-wrap elementor-element-populated\">\n\t\t\t\t\t\t<div class=\"elementor-element elementor-element-e7073e6 sc_fly_static elementor-widget elementor-widget-trx_sc_title\" data-id=\"e7073e6\" data-element_type=\"widget\" data-widget_type=\"trx_sc_title.default\">\n\t\t\t\t<div class=\"elementor-widget-container\">\n\t\t\t\t\t<div\t\tclass=\"sc_title sc_title_default\" ><span class=\"sc_item_subtitle sc_title_subtitle sc_item_subtitle_above sc_item_title_style_default\">Trace<\/span><h1 class=\"sc_item_title sc_title_title sc_item_title_style_default sc_item_title_tag trx_addons_inline_1758182867\"\n\t\t\t><span class=\"sc_item_title_text\">Solutions<\/span><\/h1><\/div>\t\t\t\t<\/div>\n\t\t\t\t<\/div>\n\t\t\t\t<div class=\"elementor-element elementor-element-8165a10 sc_fly_static elementor-widget elementor-widget-trx_sc_portfolio\" data-id=\"8165a10\" data-element_type=\"widget\" data-widget_type=\"trx_sc_portfolio.default\">\n\t\t\t\t<div class=\"elementor-widget-container\">\n\t\t\t\t\t<div \t\tclass=\"sc_portfolio sc_portfolio_default\"><div class=\"sc_portfolio_columns_wrap sc_item_columns sc_item_posts_container trx_addons_columns_wrap columns_padding_bottom grid_wrap_15\"><div class=\"trx_addons_column-1_3\"><div data-post-id=\"1442\" class=\"sc_portfolio_item sc_item_container post_container\"\n\t\tdata-size=\"1080x1080\"\n\tdata-src=\"https:\/\/trace.si\/wp-content\/uploads\/2023\/06\/expo-trace-wms.jpg\"\n\t>\n\t<div class=\"post_featured with_thumb hover_info sc_portfolio_item_thumb post_featured_bg\"><span class=\"post_thumb post_thumb_bg bg_in qwery_inline_60808913\"><\/span>\t\t\t\t\t\t<div class=\"mask\"><\/div>\n\t\t\t\t\t\t<a href=\"https:\/\/trace.si\/en\/resitve\/trace-wms-optimizes-simplifies-and-speeds-up-work-in-the-warehouse\/\"><\/a><div class=\"post_info\"><h5 class=\"post_title\"><a href=\"https:\/\/trace.si\/en\/resitve\/trace-wms-optimizes-simplifies-and-speeds-up-work-in-the-warehouse\/\">Trace WMS<\/a><\/h5><div class=\"post_meta\"><span class=\"post_meta_item post_categories cat_sep\"><a href=\"https:\/\/trace.si\/en\/portfolio_group\/solutions\/\" title=\"View all posts in Solutions\">Solutions<\/a><\/span><\/div><\/div><\/div>\t\n<\/div><\/div><div class=\"trx_addons_column-1_3\"><div data-post-id=\"1445\" class=\"sc_portfolio_item sc_item_container post_container\"\n\t\tdata-size=\"1080x1080\"\n\tdata-src=\"https:\/\/trace.si\/wp-content\/uploads\/2023\/05\/trace-prisotnost-feat-2.jpg\"\n\t>\n\t<div class=\"post_featured with_thumb hover_info sc_portfolio_item_thumb post_featured_bg\"><span class=\"post_thumb post_thumb_bg bg_in qwery_inline_1629889341\"><\/span>\t\t\t\t\t\t<div class=\"mask\"><\/div>\n\t\t\t\t\t\t<a href=\"https:\/\/trace.si\/en\/resitve\/trace-attendance-is-an-effective-solution-for-registering-working-hours\/\"><\/a><div class=\"post_info\"><h5 class=\"post_title\"><a href=\"https:\/\/trace.si\/en\/resitve\/trace-attendance-is-an-effective-solution-for-registering-working-hours\/\">Trace Attendance<\/a><\/h5><div class=\"post_meta\"><span class=\"post_meta_item post_categories cat_sep\"><a href=\"https:\/\/trace.si\/en\/portfolio_group\/solutions\/\" title=\"View all posts in Solutions\">Solutions<\/a><\/span><\/div><\/div><\/div>\t\n<\/div><\/div><div class=\"trx_addons_column-1_3\"><div data-post-id=\"1457\" class=\"sc_portfolio_item sc_item_container post_container\"\n\t\tdata-size=\"1080x560\"\n\tdata-src=\"https:\/\/trace.si\/wp-content\/uploads\/2023\/06\/heading-trace-dostop-1.jpg\"\n\t>\n\t<div class=\"post_featured with_thumb hover_info sc_portfolio_item_thumb post_featured_bg\"><span class=\"post_thumb post_thumb_bg bg_in qwery_inline_1018331822\"><\/span>\t\t\t\t\t\t<div class=\"mask\"><\/div>\n\t\t\t\t\t\t<a href=\"https:\/\/trace.si\/en\/resitve\/trace-access-simplifies-access-to-your-business-premises\/\"><\/a><div class=\"post_info\"><h5 class=\"post_title\"><a href=\"https:\/\/trace.si\/en\/resitve\/trace-access-simplifies-access-to-your-business-premises\/\">Trace Access<\/a><\/h5><div class=\"post_meta\"><span class=\"post_meta_item post_categories cat_sep\"><a href=\"https:\/\/trace.si\/en\/portfolio_group\/solutions\/\" title=\"View all posts in Solutions\">Solutions<\/a><\/span><\/div><\/div><\/div>\t\n<\/div><\/div><div class=\"trx_addons_column-1_3\"><div data-post-id=\"1467\" class=\"sc_portfolio_item sc_item_container post_container\"\n\t\tdata-size=\"1080x1080\"\n\tdata-src=\"https:\/\/trace.si\/wp-content\/uploads\/2023\/06\/Trace-mes_new.webp\"\n\t>\n\t<div class=\"post_featured with_thumb hover_info sc_portfolio_item_thumb post_featured_bg\"><span class=\"post_thumb post_thumb_bg bg_in qwery_inline_1495725536\"><\/span>\t\t\t\t\t\t<div class=\"mask\"><\/div>\n\t\t\t\t\t\t<a href=\"https:\/\/trace.si\/en\/resitve\/trace-mes-enables-efficient-management-of-your-production-processes\/\"><\/a><div class=\"post_info\"><h5 class=\"post_title\"><a href=\"https:\/\/trace.si\/en\/resitve\/trace-mes-enables-efficient-management-of-your-production-processes\/\">Trace MES<\/a><\/h5><div class=\"post_meta\"><span class=\"post_meta_item post_categories cat_sep\"><a href=\"https:\/\/trace.si\/en\/portfolio_group\/solutions\/\" title=\"View all posts in Solutions\">Solutions<\/a><\/span><\/div><\/div><\/div>\t\n<\/div><\/div><div class=\"trx_addons_column-1_3\"><div data-post-id=\"1473\" class=\"sc_portfolio_item sc_item_container post_container\"\n\t\tdata-size=\"1080x1080\"\n\tdata-src=\"https:\/\/trace.si\/wp-content\/uploads\/2023\/06\/trace-bid.jpg\"\n\t>\n\t<div class=\"post_featured with_thumb hover_info sc_portfolio_item_thumb post_featured_bg\"><span class=\"post_thumb post_thumb_bg bg_in qwery_inline_1000976839\"><\/span>\t\t\t\t\t\t<div class=\"mask\"><\/div>\n\t\t\t\t\t\t<a href=\"https:\/\/trace.si\/en\/resitve\/with-trace-bid-quickly-obtain-information-for-decision-making\/\"><\/a><div class=\"post_info\"><h5 class=\"post_title\"><a href=\"https:\/\/trace.si\/en\/resitve\/with-trace-bid-quickly-obtain-information-for-decision-making\/\">Trace BiD<\/a><\/h5><div class=\"post_meta\"><span class=\"post_meta_item post_categories cat_sep\"><a href=\"https:\/\/trace.si\/en\/portfolio_group\/solutions\/\" title=\"View all posts in Solutions\">Solutions<\/a><\/span><\/div><\/div><\/div>\t\n<\/div><\/div><div class=\"trx_addons_column-1_3\"><div data-post-id=\"1478\" class=\"sc_portfolio_item sc_item_container post_container\"\n\t\tdata-size=\"1080x1080\"\n\tdata-src=\"https:\/\/trace.si\/wp-content\/uploads\/2023\/06\/trace-report.jpg\"\n\t>\n\t<div class=\"post_featured with_thumb hover_info sc_portfolio_item_thumb post_featured_bg\"><span class=\"post_thumb post_thumb_bg bg_in qwery_inline_1105895647\"><\/span>\t\t\t\t\t\t<div class=\"mask\"><\/div>\n\t\t\t\t\t\t<a href=\"https:\/\/trace.si\/en\/resitve\/trace-reportserver-or-the-creation-management-and-distribution-of-business-reports\/\"><\/a><div class=\"post_info\"><h5 class=\"post_title\"><a href=\"https:\/\/trace.si\/en\/resitve\/trace-reportserver-or-the-creation-management-and-distribution-of-business-reports\/\">Trace Report Server<\/a><\/h5><div class=\"post_meta\"><span class=\"post_meta_item post_categories cat_sep\"><a href=\"https:\/\/trace.si\/en\/portfolio_group\/solutions\/\" title=\"View all posts in Solutions\">Solutions<\/a><\/span><\/div><\/div><\/div>\t\n<\/div><\/div><div class=\"trx_addons_column-1_3\"><div data-post-id=\"1484\" class=\"sc_portfolio_item sc_item_container post_container\"\n\t\tdata-size=\"1080x1080\"\n\tdata-src=\"https:\/\/trace.si\/wp-content\/uploads\/2023\/06\/Maintanance.webp\"\n\t>\n\t<div class=\"post_featured with_thumb hover_info sc_portfolio_item_thumb post_featured_bg\"><span class=\"post_thumb post_thumb_bg bg_in qwery_inline_1569581256\"><\/span>\t\t\t\t\t\t<div class=\"mask\"><\/div>\n\t\t\t\t\t\t<a href=\"https:\/\/trace.si\/en\/resitve\/trace-maintenance-is-a-solution-that-provides-a-system-for-tracking-and-managing-the-maintenance-of-active-assets\/\"><\/a><div class=\"post_info\"><h5 class=\"post_title\"><a href=\"https:\/\/trace.si\/en\/resitve\/trace-maintenance-is-a-solution-that-provides-a-system-for-tracking-and-managing-the-maintenance-of-active-assets\/\">Trace Maintenance<\/a><\/h5><div class=\"post_meta\"><span class=\"post_meta_item post_categories cat_sep\"><a href=\"https:\/\/trace.si\/en\/portfolio_group\/solutions\/\" title=\"View all posts in Solutions\">Solutions<\/a><\/span><\/div><\/div><\/div>\t\n<\/div><\/div><div class=\"trx_addons_column-1_3\"><div data-post-id=\"1489\" class=\"sc_portfolio_item sc_item_container post_container\"\n\t\tdata-size=\"1080x1080\"\n\tdata-src=\"https:\/\/trace.si\/wp-content\/uploads\/2023\/06\/trace-quality.jpg\"\n\t>\n\t<div class=\"post_featured with_thumb hover_info sc_portfolio_item_thumb post_featured_bg\"><span class=\"post_thumb post_thumb_bg bg_in qwery_inline_990030798\"><\/span>\t\t\t\t\t\t<div class=\"mask\"><\/div>\n\t\t\t\t\t\t<a href=\"https:\/\/trace.si\/en\/resitve\/trace-quality-enables-organizations-to-effectively-manage-and-track-quality-and-implement-quality-processes\/\"><\/a><div class=\"post_info\"><h5 class=\"post_title\"><a href=\"https:\/\/trace.si\/en\/resitve\/trace-quality-enables-organizations-to-effectively-manage-and-track-quality-and-implement-quality-processes\/\">Trace Quality<\/a><\/h5><div class=\"post_meta\"><span class=\"post_meta_item post_categories cat_sep\"><a href=\"https:\/\/trace.si\/en\/portfolio_group\/solutions\/\" title=\"View all posts in Solutions\">Solutions<\/a><\/span><\/div><\/div><\/div>\t\n<\/div><\/div><div class=\"trx_addons_column-1_3\"><div data-post-id=\"1534\" class=\"sc_portfolio_item sc_item_container post_container\"\n\t\tdata-size=\"1080x1080\"\n\tdata-src=\"https:\/\/trace.si\/wp-content\/uploads\/2023\/06\/feat-trace-purchase.jpg\"\n\t>\n\t<div class=\"post_featured with_thumb hover_info sc_portfolio_item_thumb post_featured_bg\"><span class=\"post_thumb post_thumb_bg bg_in qwery_inline_1902958308\"><\/span>\t\t\t\t\t\t<div class=\"mask\"><\/div>\n\t\t\t\t\t\t<a href=\"https:\/\/trace.si\/en\/resitve\/trace-purchase-enables-companies-to-effectively-manage-purchasing-and-sales-processes\/\"><\/a><div class=\"post_info\"><h5 class=\"post_title\"><a href=\"https:\/\/trace.si\/en\/resitve\/trace-purchase-enables-companies-to-effectively-manage-purchasing-and-sales-processes\/\">Trace Purchase<\/a><\/h5><div class=\"post_meta\"><span class=\"post_meta_item post_categories cat_sep\"><a href=\"https:\/\/trace.si\/en\/portfolio_group\/solutions\/\" title=\"View all posts in Solutions\">Solutions<\/a><\/span><\/div><\/div><\/div>\t\n<\/div><\/div><div class=\"trx_addons_column-1_3\"><div data-post-id=\"1550\" class=\"sc_portfolio_item sc_item_container post_container\"\n\t\tdata-size=\"1080x1080\"\n\tdata-src=\"https:\/\/trace.si\/wp-content\/uploads\/2023\/06\/feat-trace-libra.jpg\"\n\t>\n\t<div class=\"post_featured with_thumb hover_info sc_portfolio_item_thumb post_featured_bg\"><span class=\"post_thumb post_thumb_bg bg_in qwery_inline_1953265449\"><\/span>\t\t\t\t\t\t<div class=\"mask\"><\/div>\n\t\t\t\t\t\t<a href=\"https:\/\/trace.si\/en\/resitve\/trace-scale-is-part-of-the-software-solution-trace-solutions-and-is-intended-for-the-management-of-the-technique-and-technique-in-the-company\/\"><\/a><div class=\"post_info\"><h5 class=\"post_title\"><a href=\"https:\/\/trace.si\/en\/resitve\/trace-scale-is-part-of-the-software-solution-trace-solutions-and-is-intended-for-the-management-of-the-technique-and-technique-in-the-company\/\">Trace Libra<\/a><\/h5><div class=\"post_meta\"><span class=\"post_meta_item post_categories cat_sep\"><a href=\"https:\/\/trace.si\/en\/portfolio_group\/solutions\/\" title=\"View all posts in Solutions\">Solutions<\/a><\/span><\/div><\/div><\/div>\t\n<\/div><\/div><div class=\"trx_addons_column-1_3\"><div data-post-id=\"1568\" class=\"sc_portfolio_item sc_item_container post_container\"\n\t\tdata-size=\"1080x1080\"\n\tdata-src=\"https:\/\/trace.si\/wp-content\/uploads\/2023\/06\/feat-trace-edi.jpg\"\n\t>\n\t<div class=\"post_featured with_thumb hover_info sc_portfolio_item_thumb post_featured_bg\"><span class=\"post_thumb post_thumb_bg bg_in qwery_inline_218492595\"><\/span>\t\t\t\t\t\t<div class=\"mask\"><\/div>\n\t\t\t\t\t\t<a href=\"https:\/\/trace.si\/en\/resitve\/trace-edi-is-part-of-the-trace-solutions-software-that-enables-electronic-data-exchange\/\"><\/a><div class=\"post_info\"><h5 class=\"post_title\"><a href=\"https:\/\/trace.si\/en\/resitve\/trace-edi-is-part-of-the-trace-solutions-software-that-enables-electronic-data-exchange\/\">Trace API<\/a><\/h5><div class=\"post_meta\"><span class=\"post_meta_item post_categories cat_sep\"><a href=\"https:\/\/trace.si\/en\/portfolio_group\/solutions\/\" title=\"View all posts in Solutions\">Solutions<\/a><\/span><\/div><\/div><\/div>\t\n<\/div><\/div><div class=\"trx_addons_column-1_3\"><div data-post-id=\"1581\" class=\"sc_portfolio_item sc_item_container post_container\"\n\t\tdata-size=\"1080x1080\"\n\tdata-src=\"https:\/\/trace.si\/wp-content\/uploads\/2023\/06\/feat-trace-customer-portal.jpg\"\n\t>\n\t<div class=\"post_featured with_thumb hover_info sc_portfolio_item_thumb post_featured_bg\"><span class=\"post_thumb post_thumb_bg bg_in qwery_inline_1477992844\"><\/span>\t\t\t\t\t\t<div class=\"mask\"><\/div>\n\t\t\t\t\t\t<a href=\"https:\/\/trace.si\/en\/resitve\/trace-customer-portal-is-a-trace-solutions-software-module-designed-to-improve-communication-and-interaction-between-the-company-and-its-customers\/\"><\/a><div class=\"post_info\"><h5 class=\"post_title\"><a href=\"https:\/\/trace.si\/en\/resitve\/trace-customer-portal-is-a-trace-solutions-software-module-designed-to-improve-communication-and-interaction-between-the-company-and-its-customers\/\">Trace Customer Portal<\/a><\/h5><div class=\"post_meta\"><span class=\"post_meta_item post_categories cat_sep\"><a href=\"https:\/\/trace.si\/en\/portfolio_group\/solutions\/\" title=\"View all posts in Solutions\">Solutions<\/a><\/span><\/div><\/div><\/div>\t\n<\/div><\/div><div class=\"trx_addons_column-1_3\"><div data-post-id=\"1597\" class=\"sc_portfolio_item sc_item_container post_container\"\n\t\tdata-size=\"1080x1080\"\n\tdata-src=\"https:\/\/trace.si\/wp-content\/uploads\/2023\/06\/feat-trace-suplier-portal.jpg\"\n\t>\n\t<div class=\"post_featured with_thumb hover_info sc_portfolio_item_thumb post_featured_bg\"><span class=\"post_thumb post_thumb_bg bg_in qwery_inline_1778274884\"><\/span>\t\t\t\t\t\t<div class=\"mask\"><\/div>\n\t\t\t\t\t\t<a href=\"https:\/\/trace.si\/en\/resitve\/the-supplier-portal-is-a-module-of-the-trace-solutions-software-that-enables-companies-to-effectively-manage-their-suppliers-and-optimize-their-business-cooperation\/\"><\/a><div class=\"post_info\"><h5 class=\"post_title\"><a href=\"https:\/\/trace.si\/en\/resitve\/the-supplier-portal-is-a-module-of-the-trace-solutions-software-that-enables-companies-to-effectively-manage-their-suppliers-and-optimize-their-business-cooperation\/\">Trace Supplier Portal<\/a><\/h5><div class=\"post_meta\"><span class=\"post_meta_item post_categories cat_sep\"><a href=\"https:\/\/trace.si\/en\/portfolio_group\/solutions\/\" title=\"View all posts in Solutions\">Solutions<\/a><\/span><\/div><\/div><\/div>\t\n<\/div><\/div><div class=\"trx_addons_column-1_3\"><div data-post-id=\"3782\" class=\"sc_portfolio_item sc_item_container post_container\"\n\t\tdata-size=\"1080x560\"\n\tdata-src=\"https:\/\/trace.si\/wp-content\/uploads\/2024\/11\/Warehouse.png\"\n\t>\n\t<div class=\"post_featured with_thumb hover_info sc_portfolio_item_thumb post_featured_bg\"><span class=\"post_thumb post_thumb_bg bg_in qwery_inline_1441254949\"><\/span>\t\t\t\t\t\t<div class=\"mask\"><\/div>\n\t\t\t\t\t\t<a href=\"https:\/\/trace.si\/en\/resitve\/trace-warehouse-planning\/\"><\/a><div class=\"post_info\"><h5 class=\"post_title\"><a href=\"https:\/\/trace.si\/en\/resitve\/trace-warehouse-planning\/\">Trace Warehouse planning<\/a><\/h5><div class=\"post_meta\"><span class=\"post_meta_item post_categories cat_sep\"><a href=\"https:\/\/trace.si\/en\/portfolio_group\/solutions\/\" title=\"View all posts in Solutions\">Solutions<\/a><\/span><\/div><\/div><\/div>\t\n<\/div><\/div><div class=\"trx_addons_column-1_3\"><div data-post-id=\"3829\" class=\"sc_portfolio_item sc_item_container post_container\"\n\t\tdata-size=\"1080x560\"\n\tdata-src=\"https:\/\/trace.si\/wp-content\/uploads\/2023\/08\/indust_560.png\"\n\t>\n\t<div class=\"post_featured with_thumb hover_info sc_portfolio_item_thumb post_featured_bg\"><span class=\"post_thumb post_thumb_bg bg_in qwery_inline_1784719257\"><\/span>\t\t\t\t\t\t<div class=\"mask\"><\/div>\n\t\t\t\t\t\t<a href=\"https:\/\/trace.si\/en\/resitve\/trace-production-planning\/\"><\/a><div class=\"post_info\"><h5 class=\"post_title\"><a href=\"https:\/\/trace.si\/en\/resitve\/trace-production-planning\/\">Trace Production Planning<\/a><\/h5><div class=\"post_meta\"><span class=\"post_meta_item post_categories cat_sep\"><a href=\"https:\/\/trace.si\/en\/portfolio_group\/solutions\/\" title=\"View all posts in Solutions\">Solutions<\/a><\/span><\/div><\/div><\/div>\t\n<\/div><\/div><\/div><\/div>\t\t\t\t<\/div>\n\t\t\t\t<\/div>\n\t\t\t\t\t<\/div>\n\t\t<\/div>\n\t\t\t\t\t<\/div>\n\t\t<\/section>\n\t\t\t\t<\/div>\n\t\t","protected":false},"excerpt":{"rendered":"<p>Trace Solutions Trace WMS Re\u0161itve Trace Attendance Re\u0161itve Trace Access Re\u0161itve Trace MES Re\u0161itve Trace BiD Re\u0161itve Trace Report Server Re\u0161itve Trace Maintenance Re\u0161itve Trace Quality Re\u0161itve Trace Purchase Re\u0161itve&hellip;<\/p>\n","protected":false},"author":1,"featured_media":529,"parent":0,"menu_order":0,"comment_status":"closed","ping_status":"closed","template":"","meta":{"_monsterinsights_skip_tracking":false,"_monsterinsights_sitenote_active":false,"_monsterinsights_sitenote_note":"","_monsterinsights_sitenote_category":0,"footnotes":""},"class_list":["post-1383","page","type-page","status-publish","has-post-thumbnail","hentry"],"aioseo_notices":[],"_links":{"self":[{"href":"https:\/\/trace.si\/en\/wp-json\/wp\/v2\/pages\/1383","targetHints":{"allow":["GET"]}}],"collection":[{"href":"https:\/\/trace.si\/en\/wp-json\/wp\/v2\/pages"}],"about":[{"href":"https:\/\/trace.si\/en\/wp-json\/wp\/v2\/types\/page"}],"author":[{"embeddable":true,"href":"https:\/\/trace.si\/en\/wp-json\/wp\/v2\/users\/1"}],"replies":[{"embeddable":true,"href":"https:\/\/trace.si\/en\/wp-json\/wp\/v2\/comments?post=1383"}],"version-history":[{"count":8,"href":"https:\/\/trace.si\/en\/wp-json\/wp\/v2\/pages\/1383\/revisions"}],"predecessor-version":[{"id":3747,"href":"https:\/\/trace.si\/en\/wp-json\/wp\/v2\/pages\/1383\/revisions\/3747"}],"wp:featuredmedia":[{"embeddable":true,"href":"https:\/\/trace.si\/en\/wp-json\/wp\/v2\/media\/529"}],"wp:attachment":[{"href":"https:\/\/trace.si\/en\/wp-json\/wp\/v2\/media?parent=1383"}],"curies":[{"name":"wp","href":"https:\/\/api.w.org\/{rel}","templated":true}]}}